{"id":90,"date":"2021-03-19T10:37:25","date_gmt":"2021-03-19T10:37:25","guid":{"rendered":"http:\/\/shop.citysecreto.com\/p\/my-album-from-madrid-photography-session\/"},"modified":"2023-02-27T13:56:21","modified_gmt":"2023-02-27T13:56:21","slug":"my-album-from-madrid-photography-session","status":"publish","type":"product","link":"https:\/\/shop.citysecreto.com\/es\/producto\/my-album-from-madrid-photography-session\/","title":{"rendered":"Mi \u00e1lbum de Madrid experiencia en una sesi\u00f3n fotogr\u00e1fica"},"content":{"rendered":"","protected":false},"excerpt":{"rendered":"<p>\u25ba Descubre la belleza de Madrid con un fot\u00f3grafo profesional<\/p>","protected":false},"featured_media":1000,"template":"","meta":[],"product_brand":[],"product_cat":[15],"product_tag":[31],"class_list":{"0":"post-90","1":"product","2":"type-product","3":"status-publish","4":"has-post-thumbnail","6":"product_cat-uncategorized","7":"product_tag-update-tag","9":"first","10":"instock","11":"virtual","12":"sold-individually","13":"purchasable","14":"product-type-turitop"},"_links":{"self":[{"href":"https:\/\/shop.citysecreto.com\/es\/wp-json\/wp\/v2\/product\/90","targetHints":{"allow":["GET"]}}],"collection":[{"href":"https:\/\/shop.citysecreto.com\/es\/wp-json\/wp\/v2\/product"}],"about":[{"href":"https:\/\/shop.citysecreto.com\/es\/wp-json\/wp\/v2\/types\/product"}],"wp:featuredmedia":[{"embeddable":true,"href":"https:\/\/shop.citysecreto.com\/es\/wp-json\/wp\/v2\/media\/1000"}],"wp:attachment":[{"href":"https:\/\/shop.citysecreto.com\/es\/wp-json\/wp\/v2\/media?parent=90"}],"wp:term":[{"taxonomy":"product_brand","embeddable":true,"href":"https:\/\/shop.citysecreto.com\/es\/wp-json\/wp\/v2\/product_brand?post=90"},{"taxonomy":"product_cat","embeddable":true,"href":"https:\/\/shop.citysecreto.com\/es\/wp-json\/wp\/v2\/product_cat?post=90"},{"taxonomy":"product_tag","embeddable":true,"href":"https:\/\/shop.citysecreto.com\/es\/wp-json\/wp\/v2\/product_tag?post=90"}],"curies":[{"name":"wp","href":"https:\/\/api.w.org\/{rel}","templated":true}]}}